{"id":5303,"date":"2020-11-16T09:58:35","date_gmt":"2020-11-16T09:58:35","guid":{"rendered":"https:\/\/geoparkdjerdap.rs\/?page_id=5303"},"modified":"2022-03-31T09:15:00","modified_gmt":"2022-03-31T08:15:00","slug":"scientific-research-papers","status":"publish","type":"page","link":"https:\/\/geoparkdjerdap.rs\/en\/scientific-research-papers\/","title":{"rendered":"Scientific research papers"},"content":{"rendered":"\t\t<div data-elementor-type=\"wp-page\" data-elementor-id=\"5303\" data-post-id=\"5303\" data-obj-id=\"5303\" class=\"elementor elementor-5303 dce-elementor-post-5303\">\n\t\t\t\t\t\t<section data-dce-background-overlay-color=\"#000000\" data-dce-background-image-url=\"https:\/\/geoparkdjerdap.rs\/wp-content\/uploads\/2020\/10\/Geoprak-DJerdap.jpg\" class=\"elementor-section elementor-top-section elementor-element elementor-element-8cd3bc6 elementor-section-stretched elementor-section-full_width elementor-section-height-min-height elementor-section-items-bottom elementor-section-height-default elementor-invisible\" data-id=\"8cd3bc6\" data-element_type=\"section\" data-settings=\"{&quot;stretch_section&quot;:&quot;section-stretched&quot;,&quot;background_background&quot;:&quot;classic&quot;,&quot;animation&quot;:&quot;fadeIn&quot;,&quot;animation_delay&quot;:200}\">\n\t\t\t\t\t\t\t<div class=\"elementor-background-overlay\"><\/div>\n\t\t\t\t\t\t\t<div class=\"elementor-container elementor-column-gap-default\">\n\t\t\t\t\t<div class=\"aux-parallax-section elementor-column elementor-col-100 elementor-top-column elementor-element elementor-element-bcb88ff\" data-id=\"bcb88ff\" data-element_type=\"column\">\n\t\t\t<div class=\"elementor-widget-wrap elementor-element-populated\">\n\t\t\t\t\t\t<section class=\"elementor-section elementor-inner-section elementor-element elementor-element-7725ee8 elementor-section-boxed elementor-section-height-default elementor-section-height-default\" data-id=\"7725ee8\" data-element_type=\"section\">\n\t\t\t\t\t\t<div class=\"elementor-container elementor-column-gap-default\">\n\t\t\t\t\t<div class=\"aux-parallax-section elementor-column elementor-col-100 elementor-inner-column elementor-element elementor-element-106ddbb\" data-id=\"106ddbb\" data-element_type=\"column\">\n\t\t\t<div class=\"elementor-widget-wrap elementor-element-populated\">\n\t\t\t\t\t\t<div class=\"elementor-element elementor-element-b6e5c1a aux-appear-watch-animation aux-fade-in-up elementor-widget elementor-widget-heading\" data-id=\"b6e5c1a\" data-element_type=\"widget\" data-widget_type=\"heading.default\">\n\t\t\t\t<div class=\"elementor-widget-container\">\n\t\t\t<h1 class=\"elementor-heading-title elementor-size-default\">Scientific research papers<\/h1>\t\t<\/div>\n\t\t\t\t<\/div>\n\t\t\t\t\t<\/div>\n\t\t<\/div>\n\t\t\t\t\t<\/div>\n\t\t<\/section>\n\t\t\t\t<section class=\"elementor-section elementor-inner-section elementor-element elementor-element-b0f8762 elementor-section-boxed elementor-section-height-default elementor-section-height-default\" data-id=\"b0f8762\" data-element_type=\"section\">\n\t\t\t\t\t\t<div class=\"elementor-container elementor-column-gap-default\">\n\t\t\t\t\t<div class=\"aux-parallax-section elementor-column elementor-col-100 elementor-inner-column elementor-element elementor-element-ac77295\" data-id=\"ac77295\" data-element_type=\"column\">\n\t\t\t<div class=\"elementor-widget-wrap elementor-element-populated\">\n\t\t\t\t\t\t<div class=\"elementor-element elementor-element-316c52e elementor-widget__width-auto elementor-invisible elementor-widget elementor-widget-image\" data-id=\"316c52e\" data-element_type=\"widget\" data-settings=\"{&quot;_animation&quot;:&quot;fadeInRight&quot;,&quot;_animation_delay&quot;:500}\" data-widget_type=\"image.default\">\n\t\t\t\t<div class=\"elementor-widget-container\">\n\t\t\t\t\t\t\t\t\t\t\t\t\t<img decoding=\"async\" src=\"https:\/\/geoparkdjerdap.rs\/wp-content\/uploads\/2020\/11\/Unesco-Logo-EN.svg\" class=\"attachment-full size-full wp-image-5861\" alt=\"\" \/>\t\t\t\t\t\t\t\t\t\t\t\t\t<\/div>\n\t\t\t\t<\/div>\n\t\t\t\t\t<\/div>\n\t\t<\/div>\n\t\t\t\t\t<\/div>\n\t\t<\/section>\n\t\t\t\t\t<\/div>\n\t\t<\/div>\n\t\t\t\t\t<\/div>\n\t\t<\/section>\n\t\t\t\t<section class=\"elementor-section elementor-top-section elementor-element elementor-element-1d3d217 elementor-section-full_width elementor-section-height-default elementor-section-height-default\" data-id=\"1d3d217\" data-element_type=\"section\">\n\t\t\t\t\t\t<div class=\"elementor-container elementor-column-gap-default\">\n\t\t\t\t\t<div class=\"aux-parallax-section jet-sticky-column elementor-column elementor-col-50 elementor-top-column elementor-element elementor-element-073f1d4\" data-jet-settings=\"{&quot;id&quot;:&quot;073f1d4&quot;,&quot;sticky&quot;:true,&quot;topSpacing&quot;:50,&quot;bottomSpacing&quot;:50,&quot;stickyOn&quot;:[&quot;desktop&quot;,&quot;tablet&quot;]}\" data-id=\"073f1d4\" data-element_type=\"column\">\n\t\t\t<div class=\"elementor-widget-wrap elementor-element-populated\">\n\t\t\t\t\t\t<div class=\"elementor-element elementor-element-ee7669c elementor-widget elementor-widget-spacer\" data-id=\"ee7669c\" data-element_type=\"widget\" data-widget_type=\"spacer.default\">\n\t\t\t\t<div class=\"elementor-widget-container\">\n\t\t\t\t\t<div class=\"elementor-spacer\">\n\t\t\t<div class=\"elementor-spacer-inner\"><\/div>\n\t\t<\/div>\n\t\t\t\t<\/div>\n\t\t\t\t<\/div>\n\t\t\t\t<div class=\"elementor-element elementor-element-1df3d00 aux-appear-watch-animation aux-fade-in-up elementor-widget__width-auto elementor-widget elementor-widget-heading\" data-id=\"1df3d00\" data-element_type=\"widget\" data-widget_type=\"heading.default\">\n\t\t\t\t<div class=\"elementor-widget-container\">\n\t\t\t<h3 class=\"elementor-heading-title elementor-size-default\">Topics<\/h3>\t\t<\/div>\n\t\t\t\t<\/div>\n\t\t\t\t<div class=\"elementor-element elementor-element-a15b0f7 aux-appear-watch-animation aux-fade-in-up elementor-widget__width-auto elementor-widget elementor-widget-heading\" data-id=\"a15b0f7\" data-element_type=\"widget\" data-widget_type=\"heading.default\">\n\t\t\t\t<div class=\"elementor-widget-container\">\n\t\t\t<h2 class=\"elementor-heading-title elementor-size-default\">Scientific research papers<\/h2>\t\t<\/div>\n\t\t\t\t<\/div>\n\t\t\t\t<div class=\"elementor-element elementor-element-64a60fb aux-appear-watch-animation aux-fade-in-up elementor-widget elementor-widget-text-editor\" data-id=\"64a60fb\" data-element_type=\"widget\" data-widget_type=\"text-editor.default\">\n\t\t\t\t<div class=\"elementor-widget-container\">\n\t\t\t\t\t\t\tDjerdap &#8211; references in international scientific journals\t\t\t\t\t\t<\/div>\n\t\t\t\t<\/div>\n\t\t\t\t\t<\/div>\n\t\t<\/div>\n\t\t\t\t<div class=\"aux-parallax-section elementor-column elementor-col-50 elementor-top-column elementor-element elementor-element-cd5c2a1\" data-id=\"cd5c2a1\" data-element_type=\"column\">\n\t\t\t<div class=\"elementor-widget-wrap elementor-element-populated\">\n\t\t\t\t\t\t<div class=\"elementor-element elementor-element-c158273 aux-appear-watch-animation aux-fade-in-up elementor-widget elementor-widget-text-editor\" data-id=\"c158273\" data-element_type=\"widget\" data-widget_type=\"text-editor.default\">\n\t\t\t\t<div class=\"elementor-widget-container\">\n\t\t\t\t\t\t\t<p>1. Milica P. Ka\u0161anin-Grubin, Lukas Hagemann, Gordana D. Gajica, Sne\u017eana \u0160trbac, Branimir S. Jovan\u010di\u0107evi\u0107, Neboj\u0161a D. Vasi\u0107, Aleksandra M. \u0160ajnovi\u0107, Svetlana M. \u0110ogo-Mra\u010devi\u0107, Jan Schwarzbauer (2020): Geochronological investigation of the Danube Djerdap Lake sediments (Serbia): sedimentology and inorganic composition. Environmental Geochemistry and Health, Vol. 42, No. 2, pp. 693-707.<br \/><a href=\"https:\/\/link.springer.com\/article\/10.1007\/s10653-019-00403-6\" target=\"_blank\" rel=\"noopener\"><u>Link to references<\/u><\/a><\/p><p>2. Ana Mladenovi\u0107, Milorad D. Anti\u0107, Branislav P. Trivi\u0107, Vladica D. Cvetkovi\u0107 (2019): Investigating distant effects of the Moesian promontory: brittle tectonics along the western boundary of the Getic unit (East Serbia). Swiss Journal of Geosciences, Vol. 112, No. 1, pp. 143-161.<br \/><span style=\"text-decoration: underline;\"><a href=\"https:\/\/link.springer.com\/article\/10.1007\/s00015-018-0324-5\" target=\"_blank\" rel=\"noopener\">Link to references<\/a><\/span><\/p><p>3. Lukas Hagemann, Milica P. Ka\u0161anin-Grubin, Gordana D. Gajica, Sne\u017eana \u0160trbac, Aleksandra M. \u0160ajnovi\u0107, Branimir S. Jovan\u010di\u0107evi\u0107, Neboj\u0161a D. Vasi\u0107, Jan Schwarzbauer (2019): Four decades of organic anthropogenic pollution: a compilation for Djerdap Lake sediments, Serbia. Water, Air, &amp; Soil Pollution, Vol. 230, No. 10, pp. 230-246.<br \/><span style=\"text-decoration: underline;\"><a href=\"https:\/\/link.springer.com\/article\/10.1007\/s11270-019-4277-8\" target=\"_blank\" rel=\"noopener\">Link to references<\/a><\/span><\/p><p>4. Dragan B. Jovanovi\u0107, Vladica D. Cvetkovi\u0107, Suzana P. Eri\u0107, Bojan Kosti\u0107, Irena Peytcheva, Kristina D. \u0160ari\u0107 (2019): Variscan granitoids of the East Serbian Carpatho-Balkanides: new insight inferred from U-Pb zircon ages and geochemical data. Swiss Journal of Geosciences, Vol. 112, No. 1, pp. 121-142.<br \/><span style=\"text-decoration: underline;\"><a href=\"https:\/\/link.springer.com\/article\/10.1007\/s00015-018-0325-4\" target=\"_blank\" rel=\"noopener\">Link to references<\/a><\/span><\/p><p>5. Sanela S. Arsi\u0107, \u0110or\u0111e M. Nikoli\u0107, Ivan N. Mihajlovi\u0107, Aleksandra N. Fedajev, \u017divan D. \u017divkovi\u0107 (2018): A new approach within ANP-SWOT framework for prioritization of ecosystem management and case study of National Park Djerdap, Serbia. Ecological Economics, Vol. 146, pp. 85-95.<br \/><span style=\"text-decoration: underline;\"><a href=\"https:\/\/www.sciencedirect.com\/science\/article\/abs\/pii\/S0921800917311564\" target=\"_blank\" rel=\"noopener\">Link to references<\/a><\/span><\/p><p>6. Sanela S. Arsi\u0107, \u0110or\u0111e M. Nikoli\u0107, \u017divan D. \u017divkovi\u0107 (2017): Hybrid SWOT-ANP-FANP model for prioritization strategies of sustainable development of ecotourism in National Park Djerdap, Serbia. Forest Policy and Economics, Vol. 80, pp. 11-26<br \/><span style=\"text-decoration: underline;\"><a href=\"https:\/\/www.sciencedirect.com\/science\/article\/abs\/pii\/S1389934116301915\" target=\"_blank\" rel=\"noopener\">Link to references<\/a><\/span><\/p><p>7. Milan M. Gavrilovi\u0107, Suzana P. Eri\u0107, Petar D. Marin, Noria Garcia-Jacas, Susanna Alfonso, Pe\u0111a T. Jana\u0107kovi\u0107 (2017): Scanning electron microscopy coupled with energy dispersive spectrometric analysis reveals for the first time weddellite and sylvite crystals on the surface of involucral bracts and petals of two Xeranthemum L. (Compositae) species. Microscopy and Microanalysis, Vol. 23, No. 3, pp. 679-686.<br \/><span style=\"text-decoration: underline;\"><a href=\"https:\/\/doi.org\/10.1017\/S1431927617000551\" target=\"_blank\" rel=\"noopener\">Link to references<\/a><\/span><\/p><p>8. Ana Mladenovi\u0107, Branislav P. Trivi\u0107, Milorad D. Anti\u0107, Vladica D. Cvetkovi\u0107, Radmila R. Pavlovi\u0107, Slavica Radovanovi\u0107, Bernhard Fuegenschuh (2014): The recent fault kinematics in the westernmost part of the Getic nappe system (Eastern Serbia): Evidence from fault slip and focal mechanism data. Geologica Carpathica, Vol. 65, No. 2, pp. 147-161.<br \/><span style=\"text-decoration: underline;\"><a href=\"http:\/\/www.geologicacarpathica.com\/browse-journal\/volumes\/65-2\/article-714\/\" target=\"_blank\" rel=\"noopener\">Link to references<\/a><\/span><\/p><p>9. Vladica D. Cvetkovi\u0107, Kristina D. \u0160ari\u0107, Dejan M. Prelevi\u0107, Johann Genser, Franz Neubauer, Volker Hoeck, Albrecht von Quadt (2013): An anorogenic pulse in a typical orogenic setting: The geochemical and geochronological record in the East Serbian latest Cretaceous to Palaeocene alkaline rocks. Lithos, Vol. 180, pp. 181-199.<br \/><span style=\"text-decoration: underline;\"><a href=\"https:\/\/www.sciencedirect.com\/science\/article\/abs\/pii\/S0024493713002764\" target=\"_blank\" rel=\"noopener\">Link to references<\/a><\/span><\/p><p>10. Vladica D. Cvetkovi\u0107, Suzana P. Eri\u0107, Ma\u0161a Radivojevi\u0107, Kristina D. \u0160ari\u0107 (2012): Cognate clinopyroxene from Paleogene mantle xenolith-bearing basanite lavas (East Serbia, SE Europe): the role of dissolution of mantle orthopyroxene. Mineralogy and Petrology, Vol. 106, No. 3-4, pp. 131-150.<br \/><span style=\"text-decoration: underline;\"><a href=\"https:\/\/link.springer.com\/article\/10.1007\/s00710-012-0231-9\" target=\"_blank\" rel=\"noopener\">Link to references<\/a><\/span><\/p>\t\t\t\t\t\t<\/div>\n\t\t\t\t<\/div>\n\t\t\t\t\t<\/div>\n\t\t<\/div>\n\t\t\t\t\t<\/div>\n\t\t<\/section>\n\t\t\t\t<section data-dce-background-overlay-color=\"#000000\" data-dce-background-image-url=\"https:\/\/geoparkdjerdap.rs\/wp-content\/uploads\/2020\/10\/NP-Djerdap.jpg\" class=\"elementor-section elementor-top-section elementor-element elementor-element-2fb1e06 elementor-section-height-min-height elementor-section-items-stretch elementor-section-content-middle elementor-section-full_width elementor-section-height-default\" data-id=\"2fb1e06\" data-element_type=\"section\" data-settings=\"{&quot;background_background&quot;:&quot;classic&quot;}\">\n\t\t\t\t\t\t\t<div class=\"elementor-background-overlay\"><\/div>\n\t\t\t\t\t\t\t<div class=\"elementor-container elementor-column-gap-default\">\n\t\t\t\t\t<div class=\"aux-parallax-section elementor-column elementor-col-100 elementor-top-column elementor-element elementor-element-a951bfd\" data-id=\"a951bfd\" data-element_type=\"column\">\n\t\t\t<div class=\"elementor-widget-wrap elementor-element-populated\">\n\t\t\t\t\t\t<div class=\"elementor-element elementor-element-74040fe aux-appear-watch-animation aux-fade-in-up elementor-widget elementor-widget-heading\" data-id=\"74040fe\" data-element_type=\"widget\" data-widget_type=\"heading.default\">\n\t\t\t\t<div class=\"elementor-widget-container\">\n\t\t\t<h3 class=\"elementor-heading-title elementor-size-default\">The following<\/h3>\t\t<\/div>\n\t\t\t\t<\/div>\n\t\t\t\t<div class=\"elementor-element elementor-element-064391b aux-appear-watch-animation aux-fade-in-up elementor-widget elementor-widget-heading\" data-id=\"064391b\" data-element_type=\"widget\" data-widget_type=\"heading.default\">\n\t\t\t\t<div class=\"elementor-widget-container\">\n\t\t\t<h2 class=\"elementor-heading-title elementor-size-default\">How to reach us<\/h2>\t\t<\/div>\n\t\t\t\t<\/div>\n\t\t\t\t<div class=\"elementor-element elementor-element-fb39151 ele-button-2 elementor-widget__width-auto aux-appear-watch-animation aux-fade-in-up elementor-widget elementor-widget-button\" data-id=\"fb39151\" data-element_type=\"widget\" data-widget_type=\"button.default\">\n\t\t\t\t<div class=\"elementor-widget-container\">\n\t\t\t\t\t<div class=\"elementor-button-wrapper\">\n\t\t\t<a class=\"elementor-button elementor-button-link elementor-size-sm\" href=\"https:\/\/geoparkdjerdap.rs\/kako-stici-do-nas\/\">\n\t\t\t\t\t\t<span class=\"elementor-button-content-wrapper\">\n\t\t\t\t\t\t\t\t\t<span class=\"elementor-button-text\">Find out more<\/span>\n\t\t\t\t\t<\/span>\n\t\t\t\t\t<\/a>\n\t\t<\/div>\n\t\t\t\t<\/div>\n\t\t\t\t<\/div>\n\t\t\t\t\t<\/div>\n\t\t<\/div>\n\t\t\t\t\t<\/div>\n\t\t<\/section>\n\t\t\t\t<\/div>\n\t\t","protected":false},"excerpt":{"rendered":"<p>Topics Scientific research papers Djerdap &#8211; references in international scientific journals 1. Milica P. Ka\u0161anin-Grubin, Lukas Hagemann, Gordana D. Gajica, Sne\u017eana \u0160trbac, Branimir S. Jovan\u010di\u0107evi\u0107, Neboj\u0161a D. Vasi\u0107, Aleksandra M. \u0160ajnovi\u0107, Svetlana M. \u0110ogo-Mra\u010devi\u0107, Jan Schwarzbauer (2020): Geochronological investigation of the Danube Djerdap Lake sediments (Serbia): sedimentology and inorganic composition. Environmental Geochemistry and Health, Vol. [&hellip;]<\/p>\n","protected":false},"author":1,"featured_media":0,"parent":0,"menu_order":0,"comment_status":"closed","ping_status":"closed","template":"elementor_header_footer","meta":{"footnotes":""},"_links":{"self":[{"href":"https:\/\/geoparkdjerdap.rs\/en\/wp-json\/wp\/v2\/pages\/5303"}],"collection":[{"href":"https:\/\/geoparkdjerdap.rs\/en\/wp-json\/wp\/v2\/pages"}],"about":[{"href":"https:\/\/geoparkdjerdap.rs\/en\/wp-json\/wp\/v2\/types\/page"}],"author":[{"embeddable":true,"href":"https:\/\/geoparkdjerdap.rs\/en\/wp-json\/wp\/v2\/users\/1"}],"replies":[{"embeddable":true,"href":"https:\/\/geoparkdjerdap.rs\/en\/wp-json\/wp\/v2\/comments?post=5303"}],"version-history":[{"count":38,"href":"https:\/\/geoparkdjerdap.rs\/en\/wp-json\/wp\/v2\/pages\/5303\/revisions"}],"predecessor-version":[{"id":8410,"href":"https:\/\/geoparkdjerdap.rs\/en\/wp-json\/wp\/v2\/pages\/5303\/revisions\/8410"}],"wp:attachment":[{"href":"https:\/\/geoparkdjerdap.rs\/en\/wp-json\/wp\/v2\/media?parent=5303"}],"curies":[{"name":"wp","href":"https:\/\/api.w.org\/{rel}","templated":true}]}}